{"id":277,"date":"2024-01-30T10:11:54","date_gmt":"2024-01-30T10:11:54","guid":{"rendered":"https:\/\/sergiofranclim.com\/?page_id=277"},"modified":"2025-02-03T08:24:48","modified_gmt":"2025-02-03T08:24:48","slug":"500-anos-do-nascimento-de-camoes","status":"publish","type":"page","link":"https:\/\/sergiofranclim.com\/?page_id=277","title":{"rendered":"500 Anos do Nascimento de Lu\u00eds de Cam\u00f5es"},"content":{"rendered":"\n<p class=\"has-text-align-center\"><em><strong>CAM\u00d5ES | As Aventuras e Desventuras de um Poeta \u00c9pico<\/strong><\/em><\/p>\n\n\n<div class=\"wp-block-image is-style-twentytwentyone-image-frame\">\n<figure class=\"aligncenter size-full is-resized\"><img loading=\"lazy\" decoding=\"async\" width=\"703\" height=\"861\" src=\"https:\/\/sergiofranclim.com\/wp-content\/uploads\/2024\/01\/2024-02-Camoes-Sergio-Franclim-75dpi.jpg\" alt=\"\" class=\"wp-image-269\" style=\"width:400px\" srcset=\"https:\/\/sergiofranclim.com\/wp-content\/uploads\/2024\/01\/2024-02-Camoes-Sergio-Franclim-75dpi.jpg 703w, https:\/\/sergiofranclim.com\/wp-content\/uploads\/2024\/01\/2024-02-Camoes-Sergio-Franclim-75dpi-245x300.jpg 245w\" sizes=\"auto, (max-width: 703px) 100vw, 703px\" \/><\/figure>\n<\/div>\n\n\n<div class=\"wp-block-group\"><div class=\"wp-block-group__inner-container is-layout-constrained wp-block-group-is-layout-constrained\">\n<p class=\"has-text-align-center\">Um livro que celebra os&nbsp;<strong>500 ANOS do&nbsp;nascimento de&nbsp;<strong>LU\u00cdS DE CAM\u00d5ES<\/strong>&nbsp;(1524 | 2024<\/strong>).<\/p>\n<\/div><\/div>\n\n\n<div class=\"wp-block-image\">\n<figure class=\"aligncenter size-full is-resized\"><img loading=\"lazy\" decoding=\"async\" width=\"1847\" height=\"1255\" src=\"https:\/\/sergiofranclim.com\/wp-content\/uploads\/2024\/01\/CartaoCamoes_v01.png\" alt=\"\" class=\"wp-image-278\" style=\"width:500px\" srcset=\"https:\/\/sergiofranclim.com\/wp-content\/uploads\/2024\/01\/CartaoCamoes_v01.png 1847w, https:\/\/sergiofranclim.com\/wp-content\/uploads\/2024\/01\/CartaoCamoes_v01-300x204.png 300w, https:\/\/sergiofranclim.com\/wp-content\/uploads\/2024\/01\/CartaoCamoes_v01-1024x696.png 1024w, https:\/\/sergiofranclim.com\/wp-content\/uploads\/2024\/01\/CartaoCamoes_v01-768x522.png 768w, https:\/\/sergiofranclim.com\/wp-content\/uploads\/2024\/01\/CartaoCamoes_v01-1536x1044.png 1536w, https:\/\/sergiofranclim.com\/wp-content\/uploads\/2024\/01\/CartaoCamoes_v01-1568x1065.png 1568w\" sizes=\"auto, (max-width: 1847px) 100vw, 1847px\" \/><\/figure>\n<\/div>\n\n\n<div class=\"wp-block-group\" style=\"padding-top:0;padding-right:0;padding-bottom:0;padding-left:0\"><div class=\"wp-block-group__inner-container is-layout-constrained wp-container-core-group-is-layout-c6b4b7cd wp-block-group-is-layout-constrained\">\n<div class=\"wp-block-group\"><div class=\"wp-block-group__inner-container is-layout-constrained wp-block-group-is-layout-constrained\">\n<p><strong>Ilustrador<\/strong>: Bruno Ferreira<\/p>\n\n\n\n<p><strong>Data de edi\u00e7\u00e3o<\/strong>: fevereiro de 2024.<\/p>\n\n\n\n<p><strong>Editora<\/strong>: Booksmile | Penguin Random House Grupo Editorial.<\/p>\n\n\n\n<p><strong><a href=\"https:\/\/sergiofranclim.com\/CAMOES_PENGUIN\/luis_de_camoes_1524_2024_sergio_franclim.jpg\" target=\"_blank\" rel=\"noreferrer noopener\">Descarregar<\/a> <\/strong>poster com cronologia de Lu\u00eds de Cam\u00f5es.<\/p>\n\n\n\n<p><strong><a href=\"https:\/\/sergiofranclim.com\/wp-content\/uploads\/2024\/02\/PR_Camoes_v2_Sergio_Franclim.pdf\" target=\"_blank\" rel=\"noreferrer noopener\">Ver<\/a><\/strong> Nota de Imprensa.<\/p>\n\n\n<div class=\"wp-block-image\">\n<figure class=\"aligncenter size-large is-resized\"><a href=\"https:\/\/sergiofranclim.com\/wp-content\/uploads\/2024\/02\/Agenda_Cultural_de_Lisboa_mar24_pp100_101.pdf\" target=\"_blank\" rel=\"CAMOES_AC_LX noreferrer noopener\"><img loading=\"lazy\" decoding=\"async\" width=\"1024\" height=\"789\" src=\"https:\/\/sergiofranclim.com\/wp-content\/uploads\/2024\/02\/Agenda_Cultural_de_Lisboa_mar24_pp100_101-1024x789.png\" alt=\"\" class=\"wp-image-294\" style=\"width:610px;height:auto\" srcset=\"https:\/\/sergiofranclim.com\/wp-content\/uploads\/2024\/02\/Agenda_Cultural_de_Lisboa_mar24_pp100_101-1024x789.png 1024w, https:\/\/sergiofranclim.com\/wp-content\/uploads\/2024\/02\/Agenda_Cultural_de_Lisboa_mar24_pp100_101-300x231.png 300w, https:\/\/sergiofranclim.com\/wp-content\/uploads\/2024\/02\/Agenda_Cultural_de_Lisboa_mar24_pp100_101-768x591.png 768w, https:\/\/sergiofranclim.com\/wp-content\/uploads\/2024\/02\/Agenda_Cultural_de_Lisboa_mar24_pp100_101-1536x1183.png 1536w, https:\/\/sergiofranclim.com\/wp-content\/uploads\/2024\/02\/Agenda_Cultural_de_Lisboa_mar24_pp100_101-2048x1577.png 2048w, https:\/\/sergiofranclim.com\/wp-content\/uploads\/2024\/02\/Agenda_Cultural_de_Lisboa_mar24_pp100_101-1568x1208.png 1568w\" sizes=\"auto, (max-width: 1024px) 100vw, 1024px\" \/><\/a><figcaption class=\"wp-element-caption\"><em>Cam\u00f5es<\/em> na Agenda Cultural de Lisboa | mar\u00e7o de 2024.<\/figcaption><\/figure>\n<\/div><\/div><\/div>\n<\/div><\/div>\n\n\n\n<p><a href=\"https:\/\/sergiofranclim.com\/wp-content\/uploads\/2024\/02\/Agenda_Cultural_de_Lisboa_mar24_pp100_101.pdf\" target=\"_blank\" rel=\"noreferrer noopener\">Ler<\/a> p\u00e1ginas 100-101 da Agenda Cultural de Lisboa (ou <a href=\"https:\/\/www.agendalx.pt\/content\/uploads\/2024\/02\/ACL_mar24.pdf\" target=\"_blank\" rel=\"noreferrer noopener\">ler edi\u00e7\u00e3o completa &#8211; mar\u00e7o de 2024<\/a>).<\/p>\n\n\n<div class=\"wp-block-image\">\n<figure class=\"aligncenter size-large\"><img loading=\"lazy\" decoding=\"async\" width=\"1024\" height=\"946\" src=\"https:\/\/sergiofranclim.com\/wp-content\/uploads\/2024\/02\/Sergio_Franclim_entrevista-1024x946.png\" alt=\"\" class=\"wp-image-303\" srcset=\"https:\/\/sergiofranclim.com\/wp-content\/uploads\/2024\/02\/Sergio_Franclim_entrevista-1024x946.png 1024w, https:\/\/sergiofranclim.com\/wp-content\/uploads\/2024\/02\/Sergio_Franclim_entrevista-300x277.png 300w, https:\/\/sergiofranclim.com\/wp-content\/uploads\/2024\/02\/Sergio_Franclim_entrevista-768x710.png 768w, https:\/\/sergiofranclim.com\/wp-content\/uploads\/2024\/02\/Sergio_Franclim_entrevista-1536x1419.png 1536w, https:\/\/sergiofranclim.com\/wp-content\/uploads\/2024\/02\/Sergio_Franclim_entrevista-1568x1449.png 1568w, https:\/\/sergiofranclim.com\/wp-content\/uploads\/2024\/02\/Sergio_Franclim_entrevista.png 1712w\" sizes=\"auto, (max-width: 1024px) 100vw, 1024px\" \/><\/figure>\n<\/div>\n\n\n<p><a href=\"https:\/\/www.penguineducacao.pt\/sergio-franclim-a-poesia-esta-por-todo-o-lado-e-fascina-nos\/\" target=\"_blank\" rel=\"noreferrer noopener\">Ler<\/a> entrevista \u00abA poesia est\u00e1 por todo o lado e fascina-nos\u00bb.<\/p>\n\n\n\n<p class=\"has-text-align-center\"><strong>SESS\u00d5ES NAS ESCOLAS\/BIBLIOTECAS<\/strong><\/p>\n","protected":false},"excerpt":{"rendered":"<p>CAM\u00d5ES | As Aventuras e Desventuras de um Poeta \u00c9pico Um livro que celebra os&nbsp;500 ANOS do&nbsp;nascimento de&nbsp;LU\u00cdS DE CAM\u00d5ES&nbsp;(1524 | 2024). Ilustrador: Bruno Ferreira Data de edi\u00e7\u00e3o: fevereiro de 2024. Editora: Booksmile | Penguin Random House Grupo Editorial. Descarregar poster com cronologia de Lu\u00eds de Cam\u00f5es. Ver Nota de Imprensa. Ler p\u00e1ginas 100-101 da&hellip; <a class=\"more-link\" href=\"https:\/\/sergiofranclim.com\/?page_id=277\">Continue a ler <span class=\"screen-reader-text\">500 Anos do Nascimento de Lu\u00eds de Cam\u00f5es<\/span><\/a><\/p>\n","protected":false},"author":1,"featured_media":0,"parent":0,"menu_order":0,"comment_status":"closed","ping_status":"closed","template":"","meta":{"footnotes":""},"class_list":["post-277","page","type-page","status-publish","hentry","entry"],"_links":{"self":[{"href":"https:\/\/sergiofranclim.com\/index.php?rest_route=\/wp\/v2\/pages\/277","targetHints":{"allow":["GET"]}}],"collection":[{"href":"https:\/\/sergiofranclim.com\/index.php?rest_route=\/wp\/v2\/pages"}],"about":[{"href":"https:\/\/sergiofranclim.com\/index.php?rest_route=\/wp\/v2\/types\/page"}],"author":[{"embeddable":true,"href":"https:\/\/sergiofranclim.com\/index.php?rest_route=\/wp\/v2\/users\/1"}],"replies":[{"embeddable":true,"href":"https:\/\/sergiofranclim.com\/index.php?rest_route=%2Fwp%2Fv2%2Fcomments&post=277"}],"version-history":[{"count":18,"href":"https:\/\/sergiofranclim.com\/index.php?rest_route=\/wp\/v2\/pages\/277\/revisions"}],"predecessor-version":[{"id":317,"href":"https:\/\/sergiofranclim.com\/index.php?rest_route=\/wp\/v2\/pages\/277\/revisions\/317"}],"wp:attachment":[{"href":"https:\/\/sergiofranclim.com\/index.php?rest_route=%2Fwp%2Fv2%2Fmedia&parent=277"}],"curies":[{"name":"wp","href":"https:\/\/api.w.org\/{rel}","templated":true}]}}