{"id":318,"date":"2025-02-03T09:37:54","date_gmt":"2025-02-03T09:37:54","guid":{"rendered":"https:\/\/sergiofranclim.com\/?page_id=318"},"modified":"2025-05-28T20:46:27","modified_gmt":"2025-05-28T20:46:27","slug":"todos-somos-camoes","status":"publish","type":"page","link":"https:\/\/sergiofranclim.com\/?page_id=318","title":{"rendered":"Todos somos Cam\u00f5es"},"content":{"rendered":"\n<p>Depois da apresenta\u00e7\u00e3o do livro <em>Cam\u00f5es | As Aventuras e Desventuras de um Poeta \u00c9pico<\/em> na Quinta da Regaleira, em Sintra, no dia 1 de mar\u00e7o de 2024, S\u00e9rgio Franclim tem percorrido o pa\u00eds na companhia do grande poeta portugu\u00eas sob o lema \u00abTodos somos Cam\u00f5es\u00bb.<\/p>\n\n\n<div class=\"wp-block-image is-style-twentytwentyone-border\">\n<figure class=\"aligncenter size-full\"><img loading=\"lazy\" decoding=\"async\" width=\"426\" height=\"425\" src=\"https:\/\/sergiofranclim.com\/wp-content\/uploads\/2025\/02\/apresentacao-Camoes-na-Quinta-da-Regaleira.jpg\" alt=\"\" class=\"wp-image-319\" srcset=\"https:\/\/sergiofranclim.com\/wp-content\/uploads\/2025\/02\/apresentacao-Camoes-na-Quinta-da-Regaleira.jpg 426w, https:\/\/sergiofranclim.com\/wp-content\/uploads\/2025\/02\/apresentacao-Camoes-na-Quinta-da-Regaleira-300x300.jpg 300w, https:\/\/sergiofranclim.com\/wp-content\/uploads\/2025\/02\/apresentacao-Camoes-na-Quinta-da-Regaleira-150x150.jpg 150w\" sizes=\"auto, (max-width: 426px) 100vw, 426px\" \/><\/figure>\n<\/div>\n\n<div class=\"wp-block-image is-style-twentytwentyone-border\">\n<figure class=\"aligncenter size-full is-resized\"><img loading=\"lazy\" decoding=\"async\" width=\"582\" height=\"886\" src=\"https:\/\/sergiofranclim.com\/wp-content\/uploads\/2025\/02\/Sergio-Franclim-Luis-de-Camoes.jpg\" alt=\"\" class=\"wp-image-320\" style=\"width:auto;height:500px\" srcset=\"https:\/\/sergiofranclim.com\/wp-content\/uploads\/2025\/02\/Sergio-Franclim-Luis-de-Camoes.jpg 582w, https:\/\/sergiofranclim.com\/wp-content\/uploads\/2025\/02\/Sergio-Franclim-Luis-de-Camoes-197x300.jpg 197w\" sizes=\"auto, (max-width: 582px) 100vw, 582px\" \/><figcaption class=\"wp-element-caption\">S\u00e9rgio Franclim em Coimbra, no \u00e2mbito da atividade \u00abA Ler e a Contar\u00bb que passou por v\u00e1rias bibliotecas escolares do concelho.<\/figcaption><\/figure>\n<\/div>\n\n\n<p><strong>Alguns dos locais\/escolas\/bibliotecas que receberam a visita de S\u00e9rgio Franclim e do boneco Cam\u00f5es:<\/strong><\/p>\n\n\n\n<ul class=\"wp-block-list\">\n<li>Quinta da Regaleira (Sintra)<\/li>\n\n\n\n<li>TASIS Portugal (Sintra)<\/li>\n\n\n\n<li>Festival Liter\u00e1rio Livros a Oeste (Lourinh\u00e3)<\/li>\n\n\n\n<li>Feira do Livro de Lisboa<\/li>\n\n\n\n<li>Feira do Livro de Coimbra<\/li>\n\n\n\n<li>Miscellanea \u2013&nbsp;Festival&nbsp;Liter\u00e1rio de&nbsp;Pedr\u00f3g\u00e3o Grande<\/li>\n\n\n\n<li>Feira do Livro de S. Jo\u00e3o da Madeira<\/li>\n\n\n\n<li>Biblioteca Municipal de Odivelas<\/li>\n\n\n\n<li>Bibliotecas escolares do concelho de Coimbra<\/li>\n\n\n\n<li>Agrupamento de Escolas de Estremoz<\/li>\n\n\n\n<li>Agrupamento de Escolas da Malveira<\/li>\n\n\n\n<li>Escola B\u00e1sica do Linh\u00f3 (Sintra)<\/li>\n\n\n\n<li>Agrupamento de Escolas da Amadora<\/li>\n\n\n\n<li>Agrupamento de Escolas de Arcos de Valdevez<\/li>\n\n\n\n<li>Escola B\u00e1sica da Portela de Sintra<\/li>\n\n\n\n<li>Escola B\u00e1sica de Colares<\/li>\n\n\n\n<li>Escolas do Laranjeiro<\/li>\n\n\n\n<li>Agrupamento de Escolas de Santo Andr\u00e9 (Barreiro)<\/li>\n\n\n\n<li>Escolas B\u00e1sicas de Alcoba\u00e7a<\/li>\n\n\n\n<li>Escolas B\u00e1sicas de Condeixa-a-Nova<\/li>\n\n\n\n<li>Escola B\u00e1sica de Porto de M\u00f3s<\/li>\n\n\n\n<li>Escola B\u00e1sica da Buraca<\/li>\n<\/ul>\n\n\n\n<p><\/p>\n","protected":false},"excerpt":{"rendered":"<p>Depois da apresenta\u00e7\u00e3o do livro Cam\u00f5es | As Aventuras e Desventuras de um Poeta \u00c9pico na Quinta da Regaleira, em Sintra, no dia 1 de mar\u00e7o de 2024, S\u00e9rgio Franclim tem percorrido o pa\u00eds na companhia do grande poeta portugu\u00eas sob o lema \u00abTodos somos Cam\u00f5es\u00bb. Alguns dos locais\/escolas\/bibliotecas que receberam a visita de S\u00e9rgio&hellip; <a class=\"more-link\" href=\"https:\/\/sergiofranclim.com\/?page_id=318\">Continue a ler <span class=\"screen-reader-text\">Todos somos Cam\u00f5es<\/span><\/a><\/p>\n","protected":false},"author":1,"featured_media":0,"parent":0,"menu_order":0,"comment_status":"closed","ping_status":"closed","template":"","meta":{"footnotes":""},"class_list":["post-318","page","type-page","status-publish","hentry","entry"],"_links":{"self":[{"href":"https:\/\/sergiofranclim.com\/index.php?rest_route=\/wp\/v2\/pages\/318","targetHints":{"allow":["GET"]}}],"collection":[{"href":"https:\/\/sergiofranclim.com\/index.php?rest_route=\/wp\/v2\/pages"}],"about":[{"href":"https:\/\/sergiofranclim.com\/index.php?rest_route=\/wp\/v2\/types\/page"}],"author":[{"embeddable":true,"href":"https:\/\/sergiofranclim.com\/index.php?rest_route=\/wp\/v2\/users\/1"}],"replies":[{"embeddable":true,"href":"https:\/\/sergiofranclim.com\/index.php?rest_route=%2Fwp%2Fv2%2Fcomments&post=318"}],"version-history":[{"count":10,"href":"https:\/\/sergiofranclim.com\/index.php?rest_route=\/wp\/v2\/pages\/318\/revisions"}],"predecessor-version":[{"id":333,"href":"https:\/\/sergiofranclim.com\/index.php?rest_route=\/wp\/v2\/pages\/318\/revisions\/333"}],"wp:attachment":[{"href":"https:\/\/sergiofranclim.com\/index.php?rest_route=%2Fwp%2Fv2%2Fmedia&parent=318"}],"curies":[{"name":"wp","href":"https:\/\/api.w.org\/{rel}","templated":true}]}}