{"id":80,"date":"2023-01-28T15:58:58","date_gmt":"2023-01-28T15:58:58","guid":{"rendered":"https:\/\/sergiofranclim.com\/?page_id=80"},"modified":"2025-08-12T21:24:56","modified_gmt":"2025-08-12T21:24:56","slug":"sergio-franclim","status":"publish","type":"page","link":"https:\/\/sergiofranclim.com\/","title":{"rendered":"Bem-vindo\/a&#8230;"},"content":{"rendered":"\n<div class=\"wp-block-group\"><div class=\"wp-block-group__inner-container is-layout-constrained wp-block-group-is-layout-constrained\">\n<div class=\"wp-block-group\"><div class=\"wp-block-group__inner-container is-layout-constrained wp-block-group-is-layout-constrained\">\n<div class=\"wp-block-group\"><div class=\"wp-block-group__inner-container is-layout-constrained wp-block-group-is-layout-constrained\"><div class=\"wp-block-image is-style-twentytwentyone-border\">\n<figure class=\"aligncenter size-full is-resized\"><img loading=\"lazy\" decoding=\"async\" width=\"703\" height=\"861\" src=\"https:\/\/sergiofranclim.com\/wp-content\/uploads\/2024\/01\/2024-02-Camoes-Sergio-Franclim-75dpi-1.jpg\" alt=\"\" class=\"wp-image-270\" style=\"width:500px\" srcset=\"https:\/\/sergiofranclim.com\/wp-content\/uploads\/2024\/01\/2024-02-Camoes-Sergio-Franclim-75dpi-1.jpg 703w, https:\/\/sergiofranclim.com\/wp-content\/uploads\/2024\/01\/2024-02-Camoes-Sergio-Franclim-75dpi-1-245x300.jpg 245w\" sizes=\"auto, (max-width: 703px) 100vw, 703px\" \/><\/figure>\n<\/div><\/div><\/div>\n<\/div><\/div>\n\n\n\n<div class=\"wp-block-group has-normal-font-size\" style=\"padding-top:0;padding-right:0;padding-bottom:0;padding-left:0\"><div class=\"wp-block-group__inner-container is-layout-constrained wp-container-core-group-is-layout-c6b4b7cd wp-block-group-is-layout-constrained\">\n<div class=\"wp-block-group\"><div class=\"wp-block-group__inner-container is-layout-constrained wp-block-group-is-layout-constrained\">\n<p class=\"has-text-align-center\"><em><strong>CAM\u00d5ES | As Aventuras e Desventuras de um Poeta \u00c9pico <\/strong><\/em><\/p>\n\n\n\n<p class=\"has-text-align-center\">Um livro que celebra os <mark style=\"background-color:rgba(0, 0, 0, 0)\" class=\"has-inline-color has-black-color\"><strong>500 ANOS do<mark style=\"background-color:rgba(0, 0, 0, 0)\" class=\"has-inline-color has-black-color\"> nascimento de <strong>LU\u00cdS DE CAM\u00d5ES<\/strong><\/mark> <\/strong><\/mark><strong>(1524 | 2024<\/strong>).<\/p>\n\n\n\n<p class=\"has-text-align-center\"><strong>Data de edi\u00e7\u00e3o<\/strong>: fevereiro de 2024.<\/p>\n\n\n\n<p class=\"has-text-align-center\"><strong>Editora<\/strong>: Booksmile | Penguin Random House Grupo Editorial.<\/p>\n\n\n\n<figure class=\"wp-block-image size-large is-style-twentytwentyone-image-frame\"><img loading=\"lazy\" decoding=\"async\" width=\"707\" height=\"1024\" src=\"https:\/\/sergiofranclim.com\/wp-content\/uploads\/2025\/02\/2024-12-Maldicao-Camoes-707x1024.jpeg\" alt=\"\" class=\"wp-image-306\" srcset=\"https:\/\/sergiofranclim.com\/wp-content\/uploads\/2025\/02\/2024-12-Maldicao-Camoes-707x1024.jpeg 707w, https:\/\/sergiofranclim.com\/wp-content\/uploads\/2025\/02\/2024-12-Maldicao-Camoes-207x300.jpeg 207w, https:\/\/sergiofranclim.com\/wp-content\/uploads\/2025\/02\/2024-12-Maldicao-Camoes-768x1113.jpeg 768w, https:\/\/sergiofranclim.com\/wp-content\/uploads\/2025\/02\/2024-12-Maldicao-Camoes.jpeg 828w\" sizes=\"auto, (max-width: 707px) 100vw, 707px\" \/><\/figure>\n\n\n\n<p class=\"has-text-align-center\"><em><strong>MALDI\u00c7\u00c3O CAM\u00d5ES <\/strong><\/em><\/p>\n\n\n\n<p class=\"has-text-align-center\">Um romance que evoca o grande poeta Cam\u00f5es nos <mark style=\"background-color:rgba(0, 0, 0, 0)\" class=\"has-inline-color has-black-color\"><strong>500 ANOS do<mark style=\"background-color:rgba(0, 0, 0, 0)\" class=\"has-inline-color has-black-color\"> seu nascimento <\/mark><\/strong><\/mark><strong>(1524 | 2024<\/strong>).<\/p>\n\n\n\n<p class=\"has-text-align-center\"><strong>Data de edi\u00e7\u00e3o<\/strong>: novembro de 2024.<\/p>\n\n\n\n<p class=\"has-text-align-center\"><strong>Editora<\/strong>: Z\u00e9firo (<a href=\"https:\/\/www.zefiro.pt\/product\/maldicao-camoes\">https:\/\/www.zefiro.pt\/product\/maldicao-camoes<\/a>).<\/p>\n<\/div><\/div>\n<\/div><\/div>\n<\/div><\/div>\n\n\n\n<div class=\"wp-block-group is-vertical is-layout-flex wp-container-core-group-is-layout-8cf370e7 wp-block-group-is-layout-flex\"><div class=\"wp-block-image is-style-twentytwentyone-image-frame\">\n<figure class=\"aligncenter size-full\"><img loading=\"lazy\" decoding=\"async\" width=\"1024\" height=\"512\" src=\"https:\/\/sergiofranclim.com\/wp-content\/uploads\/2023\/01\/Sergio-Franclim-capa.png\" alt=\"\" class=\"wp-image-88\" srcset=\"https:\/\/sergiofranclim.com\/wp-content\/uploads\/2023\/01\/Sergio-Franclim-capa.png 1024w, https:\/\/sergiofranclim.com\/wp-content\/uploads\/2023\/01\/Sergio-Franclim-capa-300x150.png 300w, https:\/\/sergiofranclim.com\/wp-content\/uploads\/2023\/01\/Sergio-Franclim-capa-768x384.png 768w\" sizes=\"auto, (max-width: 1024px) 100vw, 1024px\" \/><figcaption class=\"wp-element-caption\"><strong>\u00daltimos livros publicados.<\/strong>..<\/figcaption><\/figure>\n<\/div><\/div>\n\n\n\n<div class=\"wp-block-columns alignwide is-layout-flex wp-container-core-columns-is-layout-9d6595d7 wp-block-columns-is-layout-flex\">\n<div class=\"wp-block-column is-layout-flow wp-block-column-is-layout-flow\"><div class=\"wp-block-image is-resized is-style-rounded\">\n<figure class=\"aligncenter size-full\"><img loading=\"lazy\" decoding=\"async\" width=\"333\" height=\"555\" src=\"https:\/\/sergiofranclim.com\/wp-content\/uploads\/2023\/01\/foto-aba-esquerda-preto-e-branco-e1674922522464.png\" alt=\"\" class=\"wp-image-92\" style=\"width:300px\" srcset=\"https:\/\/sergiofranclim.com\/wp-content\/uploads\/2023\/01\/foto-aba-esquerda-preto-e-branco-e1674922522464.png 333w, https:\/\/sergiofranclim.com\/wp-content\/uploads\/2023\/01\/foto-aba-esquerda-preto-e-branco-e1674922522464-180x300.png 180w\" sizes=\"auto, (max-width: 333px) 100vw, 333px\" \/><\/figure>\n<\/div><\/div>\n\n\n\n<div class=\"wp-block-column is-layout-flow wp-block-column-is-layout-flow\">\n<pre class=\"wp-block-verse has-medium-font-size\" style=\"font-style:normal;font-weight:600\"><strong>S\u00e9rgio Franclim nasceu no dia 15 de novembro de 1978, na cidade de Lisboa. Cresceu a contemplar a Serra de Sintra e a sonhar com hist\u00f3rias e mitos. Concluiu a licenciatura (2000), o curso do ramo de forma\u00e7\u00e3o educacional (2003) e o mestrado (2018) em Estudos Portugueses, na Faculdade de Ci\u00eancias Sociais e Humanas, da Universidade Nova de Lisboa.<\/strong><\/pre>\n\n\n\n<p><strong>Publicou o seu primeiro livro em 1999, como S. Franclim, tendo tamb\u00e9m publicado como S\u00e9rgio Sousa-Rodrigues. A sua obra inclui poesia, fic\u00e7\u00e3o, ensaio, teatro e fic\u00e7\u00e3o infantojuvenil.<\/strong><\/p>\n\n\n\n<p class=\"has-medium-font-size\" style=\"font-style:normal;font-weight:600\"><strong>Foi livreiro e editor. Atualmente, al\u00e9m de ser escritor, \u00e9 professor de Portugu\u00eas <strong>e Estudos Cl\u00e1ssicos<\/strong><\/strong> <strong>na TASIS Portugal. Na Associa\u00e7\u00e3o Clenardus, desenvolve o Projecto Apolo, que visa promover a mitologia greco-romana.<\/strong><\/p>\n\n\n\n<p class=\"has-medium-font-size\" style=\"font-style:normal;font-weight:600\"><strong><strong>Vive no concelho de Mafra e viaja quase todos os dias para Sintra com o intuito de desvendar a perfeita manh\u00e3 de nevoeiro.<\/strong><\/strong><\/p>\n<\/div>\n<\/div>\n\n\n\n<p><\/p>\n","protected":false},"excerpt":{"rendered":"<p>CAM\u00d5ES | As Aventuras e Desventuras de um Poeta \u00c9pico Um livro que celebra os 500 ANOS do nascimento de LU\u00cdS DE CAM\u00d5ES (1524 | 2024). Data de edi\u00e7\u00e3o: fevereiro de 2024. Editora: Booksmile | Penguin Random House Grupo Editorial. MALDI\u00c7\u00c3O CAM\u00d5ES Um romance que evoca o grande poeta Cam\u00f5es nos 500 ANOS do seu&hellip; <a class=\"more-link\" href=\"https:\/\/sergiofranclim.com\/\">Continue a ler <span class=\"screen-reader-text\">Bem-vindo\/a&#8230;<\/span><\/a><\/p>\n","protected":false},"author":1,"featured_media":0,"parent":0,"menu_order":0,"comment_status":"closed","ping_status":"closed","template":"","meta":{"footnotes":""},"class_list":["post-80","page","type-page","status-publish","hentry","entry"],"_links":{"self":[{"href":"https:\/\/sergiofranclim.com\/index.php?rest_route=\/wp\/v2\/pages\/80","targetHints":{"allow":["GET"]}}],"collection":[{"href":"https:\/\/sergiofranclim.com\/index.php?rest_route=\/wp\/v2\/pages"}],"about":[{"href":"https:\/\/sergiofranclim.com\/index.php?rest_route=\/wp\/v2\/types\/page"}],"author":[{"embeddable":true,"href":"https:\/\/sergiofranclim.com\/index.php?rest_route=\/wp\/v2\/users\/1"}],"replies":[{"embeddable":true,"href":"https:\/\/sergiofranclim.com\/index.php?rest_route=%2Fwp%2Fv2%2Fcomments&post=80"}],"version-history":[{"count":73,"href":"https:\/\/sergiofranclim.com\/index.php?rest_route=\/wp\/v2\/pages\/80\/revisions"}],"predecessor-version":[{"id":342,"href":"https:\/\/sergiofranclim.com\/index.php?rest_route=\/wp\/v2\/pages\/80\/revisions\/342"}],"wp:attachment":[{"href":"https:\/\/sergiofranclim.com\/index.php?rest_route=%2Fwp%2Fv2%2Fmedia&parent=80"}],"curies":[{"name":"wp","href":"https:\/\/api.w.org\/{rel}","templated":true}]}}